{"id":89,"date":"2025-09-08T09:44:41","date_gmt":"2025-09-08T07:44:41","guid":{"rendered":"http:\/\/dev.ruppanner-reinigung.ch\/?page_id=89"},"modified":"2025-09-08T09:49:53","modified_gmt":"2025-09-08T07:49:53","slug":"datenschutz","status":"publish","type":"page","link":"https:\/\/ruppanner-reinigung.ch\/datenschutz\/","title":{"rendered":"Datenschutzbestimmung"},"content":{"rendered":"\t\t<div data-elementor-type=\"wp-page\" data-elementor-id=\"89\" class=\"elementor elementor-89\">\n\t\t\t\t<div class=\"elementor-element elementor-element-a2f49fb e-flex e-con-boxed e-con e-parent\" data-id=\"a2f49fb\" data-element_type=\"container\">\n\t\t\t\t\t<div class=\"e-con-inner\">\n\t\t\t\t<div class=\"elementor-element elementor-element-058aff8 elementor-widget elementor-widget-heading\" data-id=\"058aff8\" data-element_type=\"widget\" data-widget_type=\"heading.default\">\n\t\t\t\t\t<h2 class=\"elementor-heading-title elementor-size-default\">Datenschutzbestimmung<\/h2>\t\t\t\t<\/div>\n\t\t\t\t<div class=\"elementor-element elementor-element-80d0657 elementor-widget elementor-widget-heading\" data-id=\"80d0657\" data-element_type=\"widget\" data-widget_type=\"heading.default\">\n\t\t\t\t\t<h3 class=\"elementor-heading-title elementor-size-default\">1. Verantwortlicher<\/h3>\t\t\t\t<\/div>\n\t\t\t\t<div class=\"elementor-element elementor-element-b6d319d elementor-widget elementor-widget-text-editor\" data-id=\"b6d319d\" data-element_type=\"widget\" data-widget_type=\"text-editor.default\">\n\t\t\t\t\t\t\t\t\t<p data-start=\"638\" data-end=\"704\">Verantwortlich f\u00fcr die Datenverarbeitung auf dieser Website ist:<\/p><p data-start=\"706\" data-end=\"827\"><strong data-start=\"706\" data-end=\"721\">Ruppanner Reinigung<\/strong><br data-start=\"721\" data-end=\"724\" \/>Website: <a href=\"https:\/\/ruppanner-reinigung.ch\">https:\/\/ruppanner-reinigung.ch<\/a><br data-start=\"783\" data-end=\"786\" \/><a href=\"mailto:stefanruppanner@bluewin.ch\">stefanruppanner@bluewin.ch<\/a><br \/>Bachstrasse 31<br \/>9100 Herisau<\/p>\t\t\t\t\t\t\t\t<\/div>\n\t\t\t\t<div class=\"elementor-element elementor-element-f83f23d elementor-widget elementor-widget-heading\" data-id=\"f83f23d\" data-element_type=\"widget\" data-widget_type=\"heading.default\">\n\t\t\t\t\t<h3 class=\"elementor-heading-title elementor-size-default\">2. Erhebung und Speicherung personenbezogener Daten sowie Art und Zweck ihrer Verwendung<\/h3>\t\t\t\t<\/div>\n\t\t\t\t<div class=\"elementor-element elementor-element-3063c4d elementor-widget elementor-widget-text-editor\" data-id=\"3063c4d\" data-element_type=\"widget\" data-widget_type=\"text-editor.default\">\n\t\t\t\t\t\t\t\t\t<p data-start=\"929\" data-end=\"961\"><strong>a) Beim Besuch der Website<\/strong><\/p><p data-start=\"962\" data-end=\"1220\">Beim Aufrufen unserer Website werden automatisch Informationen durch den auf Ihrem Endger\u00e4t zum Einsatz kommenden Browser an unseren Server gesendet. Diese Informationen werden tempor\u00e4r in einem sogenannten Logfile gespeichert. Erfasst werden insbesondere:<\/p><ul data-start=\"1222\" data-end=\"1500\"><li data-start=\"1222\" data-end=\"1261\"><p data-start=\"1224\" data-end=\"1261\">IP-Adresse des anfragenden Rechners<\/p><\/li><li data-start=\"1262\" data-end=\"1296\"><p data-start=\"1264\" data-end=\"1296\">Datum und Uhrzeit des Zugriffs<\/p><\/li><li data-start=\"1262\" data-end=\"1296\"><p data-start=\"1264\" data-end=\"1296\">Name und URL der abgerufenen Datei<\/p><\/li><li data-start=\"1336\" data-end=\"1395\"><p data-start=\"1338\" data-end=\"1395\">Website, von der aus der Zugriff erfolgt (Referrer-URL)<\/p><\/li><li data-start=\"1336\" data-end=\"1395\"><p data-start=\"1338\" data-end=\"1395\">verwendeter Browser und ggf. das Betriebssystem Ihres Rechners sowie der Name Ihres Access-Providers<\/p><\/li><\/ul><p data-start=\"1502\" data-end=\"1564\">Die genannten Daten werden zu folgenden Zwecken verarbeitet:<\/p><ul data-start=\"1566\" data-end=\"1789\"><li data-start=\"1566\" data-end=\"1635\"><p data-start=\"1568\" data-end=\"1635\">Gew\u00e4hrleistung eines reibungslosen Verbindungsaufbaus der Website<\/p><\/li><li data-start=\"1636\" data-end=\"1697\"><p data-start=\"1638\" data-end=\"1697\">Gew\u00e4hrleistung einer komfortablen Nutzung unserer Website<\/p><\/li><li data-start=\"1698\" data-end=\"1749\"><p data-start=\"1700\" data-end=\"1749\">Auswertung der Systemsicherheit und -stabilit\u00e4t<\/p><\/li><li data-start=\"1750\" data-end=\"1789\"><p data-start=\"1752\" data-end=\"1789\">zu weiteren administrativen Zwecken<\/p><\/li><\/ul><p data-start=\"1791\" data-end=\"1921\">Die Rechtsgrundlage ist Art. 6 Abs. 1 lit. f DSGVO (berechtigtes Interesse) bzw. das entsprechende Interesse nach Schweizer DSG.<\/p>\t\t\t\t\t\t\t\t<\/div>\n\t\t\t\t<div class=\"elementor-element elementor-element-2e7f8db elementor-widget elementor-widget-text-editor\" data-id=\"2e7f8db\" data-element_type=\"widget\" data-widget_type=\"text-editor.default\">\n\t\t\t\t\t\t\t\t\t<p data-start=\"1928\" data-end=\"1947\"><strong>b) Kommentare<\/strong><\/p><p data-start=\"1948\" data-end=\"2113\">Wenn Besucher Kommentare hinterlassen, speichern wir die im Kommentarformular eingegebenen Daten, die IP-Adresse und den Browser-User-Agent, um Spam zu verhindern.<\/p>\t\t\t\t\t\t\t\t<\/div>\n\t\t\t\t<div class=\"elementor-element elementor-element-6f73055 elementor-widget elementor-widget-text-editor\" data-id=\"6f73055\" data-element_type=\"widget\" data-widget_type=\"text-editor.default\">\n\t\t\t\t\t\t\t\t\t<p data-start=\"2389\" data-end=\"2404\"><strong>c) Medien<\/strong><\/p><p data-start=\"2405\" data-end=\"2595\">Wenn Sie Bilder auf unsere Website hochladen, sollten Sie darauf achten, keine Standortdaten (EXIF-GPS) einzubetten. Besucher der Website k\u00f6nnen solche Daten herunterladen und extrahieren.<\/p>\t\t\t\t\t\t\t\t<\/div>\n\t\t\t\t<div class=\"elementor-element elementor-element-42888a9 elementor-widget elementor-widget-text-editor\" data-id=\"42888a9\" data-element_type=\"widget\" data-widget_type=\"text-editor.default\">\n\t\t\t\t\t\t\t\t\t<p data-start=\"2602\" data-end=\"2618\"><strong>d) Cookies<\/strong><\/p><p data-start=\"2619\" data-end=\"2798\">Unsere Website verwendet Cookies. Cookies sind kleine Dateien, die Ihr Browser automatisch erstellt und die auf Ihrem Endger\u00e4t gespeichert werden. Sie richten keinen Schaden an.<br \/>Wir setzen Cookies ein, um:<\/p><ul data-start=\"2831\" data-end=\"3044\"><li data-start=\"2831\" data-end=\"2931\"><p data-start=\"2833\" data-end=\"2931\">die Benutzerfreundlichkeit zu erh\u00f6hen (z. B. Speicherung von Logins oder Eingaben in Formularen)<\/p><\/li><li data-start=\"2932\" data-end=\"3001\"><p data-start=\"2934\" data-end=\"3001\">statistische Auswertungen zur Nutzung unserer Website vorzunehmen<\/p><\/li><li data-start=\"3002\" data-end=\"3044\"><p data-start=\"3004\" data-end=\"3044\">Sicherheitsfunktionen zu gew\u00e4hrleisten<\/p><\/li><\/ul><p data-start=\"3046\" data-end=\"3201\">Die Rechtsgrundlage ist Art. 6 Abs. 1 lit. f DSGVO (berechtigtes Interesse) oder, soweit erforderlich, Ihre Einwilligung nach Art. 6 Abs. 1 lit. a DSGVO.<\/p><p data-start=\"3203\" data-end=\"3363\">Sie k\u00f6nnen Ihren Browser so einstellen, dass keine Cookies gespeichert werden. Bitte beachten Sie, dass dies die Funktionalit\u00e4t der Website einschr\u00e4nken kann.<\/p>\t\t\t\t\t\t\t\t<\/div>\n\t\t\t\t<div class=\"elementor-element elementor-element-7eaec25 elementor-widget elementor-widget-text-editor\" data-id=\"7eaec25\" data-element_type=\"widget\" data-widget_type=\"text-editor.default\">\n\t\t\t\t\t\t\t\t\t<p data-start=\"3370\" data-end=\"3418\"><strong>e) Eingebettete Inhalte von Drittanbietern<\/strong><\/p><p data-start=\"3419\" data-end=\"3626\">Beitr\u00e4ge auf dieser Website k\u00f6nnen eingebettete Inhalte enthalten (z. B. Videos, Karten, Social-Media-Plugins). Diese Inhalte verhalten sich so, als h\u00e4tten Sie die jeweilige externe Website direkt besucht.<\/p><p data-start=\"3628\" data-end=\"3739\">Diese Drittanbieter k\u00f6nnen Daten \u00fcber Sie sammeln, Cookies einsetzen und Ihr Nutzungsverhalten nachverfolgen.<\/p>\t\t\t\t\t\t\t\t<\/div>\n\t\t\t\t<div class=\"elementor-element elementor-element-efcadd8 elementor-widget elementor-widget-heading\" data-id=\"efcadd8\" data-element_type=\"widget\" data-widget_type=\"heading.default\">\n\t\t\t\t\t<h3 class=\"elementor-heading-title elementor-size-default\">3. Weitergabe von Daten<\/h3>\t\t\t\t<\/div>\n\t\t\t\t<div class=\"elementor-element elementor-element-8804d3b elementor-widget elementor-widget-text-editor\" data-id=\"8804d3b\" data-element_type=\"widget\" data-widget_type=\"text-editor.default\">\n\t\t\t\t\t\t\t\t\t<p data-start=\"3775\" data-end=\"3848\">Eine \u00dcbermittlung Ihrer pers\u00f6nlichen Daten an Dritte erfolgt nur, wenn:<\/p><ul data-start=\"3850\" data-end=\"4193\"><li data-start=\"3850\" data-end=\"3932\"><p data-start=\"3852\" data-end=\"3932\">Sie Ihre ausdr\u00fcckliche Einwilligung erteilt haben (Art. 6 Abs. 1 lit. a DSGVO)<\/p><\/li><li data-start=\"3933\" data-end=\"4021\"><p data-start=\"3935\" data-end=\"4021\">die Verarbeitung zur Vertragserf\u00fcllung erforderlich ist (Art. 6 Abs. 1 lit. b DSGVO)<\/p><\/li><li data-start=\"4022\" data-end=\"4092\"><p data-start=\"4024\" data-end=\"4092\">eine rechtliche Verpflichtung besteht (Art. 6 Abs. 1 lit. c DSGVO)<\/p><\/li><li data-start=\"4093\" data-end=\"4193\"><p data-start=\"4095\" data-end=\"4193\">die Weitergabe zur Wahrung berechtigter Interessen erforderlich ist (Art. 6 Abs. 1 lit. f DSGVO)<\/p><\/li><\/ul>\t\t\t\t\t\t\t\t<\/div>\n\t\t\t\t<div class=\"elementor-element elementor-element-d62dcde elementor-widget elementor-widget-heading\" data-id=\"d62dcde\" data-element_type=\"widget\" data-widget_type=\"heading.default\">\n\t\t\t\t\t<h3 class=\"elementor-heading-title elementor-size-default\">4. Speicherdauer<\/h3>\t\t\t\t<\/div>\n\t\t\t\t<div class=\"elementor-element elementor-element-22b6d3d elementor-widget elementor-widget-text-editor\" data-id=\"22b6d3d\" data-element_type=\"widget\" data-widget_type=\"text-editor.default\">\n\t\t\t\t\t\t\t\t\t<ul><li data-start=\"4222\" data-end=\"4331\"><p data-start=\"4224\" data-end=\"4331\">Kommentare und deren Metadaten werden unbegrenzt gespeichert, um Folgekommentare automatisch zu erkennen.<\/p><\/li><li data-start=\"4332\" data-end=\"4459\"><p data-start=\"4334\" data-end=\"4459\">Registrierte Nutzer k\u00f6nnen ihre Profildaten jederzeit \u00e4ndern oder l\u00f6schen. Website-Administratoren haben ebenfalls Zugriff.<\/p><\/li><li data-start=\"4460\" data-end=\"4622\"><p data-start=\"4462\" data-end=\"4622\">Andere personenbezogene Daten werden nur so lange gespeichert, wie es f\u00fcr den jeweiligen Zweck notwendig ist oder gesetzliche Aufbewahrungspflichten bestehen.<\/p><\/li><\/ul>\t\t\t\t\t\t\t\t<\/div>\n\t\t\t\t<div class=\"elementor-element elementor-element-81355f5 elementor-widget elementor-widget-heading\" data-id=\"81355f5\" data-element_type=\"widget\" data-widget_type=\"heading.default\">\n\t\t\t\t\t<h3 class=\"elementor-heading-title elementor-size-default\">5. Ihre Rechte<\/h3>\t\t\t\t<\/div>\n\t\t\t\t<div class=\"elementor-element elementor-element-6f29c2f elementor-widget elementor-widget-text-editor\" data-id=\"6f29c2f\" data-element_type=\"widget\" data-widget_type=\"text-editor.default\">\n\t\t\t\t\t\t\t\t\t<p data-start=\"4649\" data-end=\"4671\">Sie haben das Recht:<\/p><ul data-start=\"4673\" data-end=\"5099\"><li data-start=\"4673\" data-end=\"4735\"><p data-start=\"4675\" data-end=\"4735\">Auskunft \u00fcber Ihre bei uns gespeicherten Daten zu erhalten<\/p><\/li><li data-start=\"4736\" data-end=\"4783\"><p data-start=\"4738\" data-end=\"4783\">Berichtigung unrichtiger Daten zu verlangen<\/p><\/li><li data-start=\"4784\" data-end=\"4873\"><p data-start=\"4786\" data-end=\"4873\">L\u00f6schung Ihrer Daten zu verlangen, soweit keine gesetzlichen Pflichten entgegenstehen<\/p><\/li><li data-start=\"4874\" data-end=\"4921\"><p data-start=\"4876\" data-end=\"4921\">Einschr\u00e4nkung der Verarbeitung zu verlangen<\/p><\/li><li data-start=\"4922\" data-end=\"4971\"><p data-start=\"4924\" data-end=\"4971\">Widerspruch gegen die Verarbeitung einzulegen<\/p><\/li><li data-start=\"4972\" data-end=\"5045\"><p data-start=\"4974\" data-end=\"5045\">Ihre Einwilligung jederzeit mit Wirkung f\u00fcr die Zukunft zu widerrufen<\/p><\/li><li data-start=\"5046\" data-end=\"5099\"><p data-start=\"5048\" data-end=\"5099\">Daten\u00fcbertragbarkeit zu verlangen (Art. 20 DSGVO)<\/p><\/li><\/ul><p data-start=\"5101\" data-end=\"5189\">In der Schweiz haben Sie analoge Rechte gem\u00e4ss Bundesgesetz \u00fcber den Datenschutz (DSG).<\/p>\t\t\t\t\t\t\t\t<\/div>\n\t\t\t\t<div class=\"elementor-element elementor-element-840e5ed elementor-widget elementor-widget-heading\" data-id=\"840e5ed\" data-element_type=\"widget\" data-widget_type=\"heading.default\">\n\t\t\t\t\t<h3 class=\"elementor-heading-title elementor-size-default\">6. Datensicherheit<\/h3>\t\t\t\t<\/div>\n\t\t\t\t<div class=\"elementor-element elementor-element-961a02f elementor-widget elementor-widget-text-editor\" data-id=\"961a02f\" data-element_type=\"widget\" data-widget_type=\"text-editor.default\">\n\t\t\t\t\t\t\t\t\t<p>Wir verwenden geeignete technische und organisatorische Massnahmen (z. B. SSL-Verschl\u00fcsselung), um Ihre Daten gegen Verlust, Zerst\u00f6rung, Manipulation und unbefugten Zugriff zu sch\u00fctzen.<\/p>\t\t\t\t\t\t\t\t<\/div>\n\t\t\t\t<div class=\"elementor-element elementor-element-9b490c5 elementor-widget elementor-widget-heading\" data-id=\"9b490c5\" data-element_type=\"widget\" data-widget_type=\"heading.default\">\n\t\t\t\t\t<h3 class=\"elementor-heading-title elementor-size-default\">7. Dienste zur Spam-Erkennung<\/h3>\t\t\t\t<\/div>\n\t\t\t\t<div class=\"elementor-element elementor-element-87c7243 elementor-widget elementor-widget-text-editor\" data-id=\"87c7243\" data-element_type=\"widget\" data-widget_type=\"text-editor.default\">\n\t\t\t\t\t\t\t\t\t<p data-start=\"5448\" data-end=\"5548\">Besucher-Kommentare k\u00f6nnen durch einen automatisierten Dienst zur Spam-Erkennung \u00fcberpr\u00fcft werden.<\/p>\t\t\t\t\t\t\t\t<\/div>\n\t\t\t\t\t<\/div>\n\t\t\t\t<\/div>\n\t\t\t\t<\/div>\n\t\t","protected":false},"excerpt":{"rendered":"<p>Datenschutzbestimmung 1. Verantwortlicher Verantwortlich f\u00fcr die Datenverarbeitung auf dieser Website ist: Ruppanner ReinigungWebsite: https:\/\/ruppanner-reinigung.chstefanruppanner@bluewin.chBachstrasse 319100 Herisau 2. Erhebung und Speicherung personenbezogener Daten sowie Art und Zweck ihrer Verwendung a) Beim Besuch der Website Beim Aufrufen unserer Website werden automatisch Informationen durch den auf Ihrem Endger\u00e4t zum Einsatz kommenden Browser an unseren Server gesendet. Diese Informationen &hellip; <\/p>\n<p class=\"link-more\"><a href=\"https:\/\/ruppanner-reinigung.ch\/datenschutz\/\" class=\"more-link\">Mehr <span class=\"screen-reader-text\">\u00fcber &#8222;Datenschutzbestimmung&#8220; <\/span>Lesen<\/a><\/p>\n","protected":false},"author":1,"featured_media":0,"parent":0,"menu_order":0,"comment_status":"closed","ping_status":"closed","template":"elementor_header_footer","meta":{"footnotes":""},"class_list":["post-89","page","type-page","status-publish","hentry"],"yoast_head":"<!-- This site is optimized with the Yoast SEO plugin v26.8 - https:\/\/yoast.com\/product\/yoast-seo-wordpress\/ -->\n<title>Datenschutzbestimmung - ruppanner-reinigung.ch<\/title>\n<meta name=\"robots\" content=\"index, follow, max-snippet:-1, max-image-preview:large, max-video-preview:-1\" \/>\n<link rel=\"canonical\" href=\"https:\/\/ruppanner-reinigung.ch\/datenschutz\/\" \/>\n<meta property=\"og:locale\" content=\"de_DE\" \/>\n<meta property=\"og:type\" content=\"article\" \/>\n<meta property=\"og:title\" content=\"Datenschutzbestimmung - ruppanner-reinigung.ch\" \/>\n<meta property=\"og:description\" content=\"Datenschutzbestimmung 1. Verantwortlicher Verantwortlich f\u00fcr die Datenverarbeitung auf dieser Website ist: Ruppanner ReinigungWebsite: https:\/\/ruppanner-reinigung.chstefanruppanner@bluewin.chBachstrasse 319100 Herisau 2. Erhebung und Speicherung personenbezogener Daten sowie Art und Zweck ihrer Verwendung a) Beim Besuch der Website Beim Aufrufen unserer Website werden automatisch Informationen durch den auf Ihrem Endger\u00e4t zum Einsatz kommenden Browser an unseren Server gesendet. Diese Informationen &hellip; Mehr \u00fcber &quot;Datenschutzbestimmung&quot; Lesen\" \/>\n<meta property=\"og:url\" content=\"https:\/\/ruppanner-reinigung.ch\/datenschutz\/\" \/>\n<meta property=\"og:site_name\" content=\"ruppanner-reinigung.ch\" \/>\n<meta property=\"article:modified_time\" content=\"2025-09-08T07:49:53+00:00\" \/>\n<meta name=\"twitter:card\" content=\"summary_large_image\" \/>\n<meta name=\"twitter:label1\" content=\"Gesch\u00e4tzte Lesezeit\" \/>\n\t<meta name=\"twitter:data1\" content=\"3\u00a0Minuten\" \/>\n<script type=\"application\/ld+json\" class=\"yoast-schema-graph\">{\"@context\":\"https:\/\/schema.org\",\"@graph\":[{\"@type\":\"WebPage\",\"@id\":\"https:\/\/ruppanner-reinigung.ch\/datenschutz\/\",\"url\":\"https:\/\/ruppanner-reinigung.ch\/datenschutz\/\",\"name\":\"Datenschutzbestimmung - ruppanner-reinigung.ch\",\"isPartOf\":{\"@id\":\"https:\/\/ruppanner-reinigung.ch\/#website\"},\"datePublished\":\"2025-09-08T07:44:41+00:00\",\"dateModified\":\"2025-09-08T07:49:53+00:00\",\"breadcrumb\":{\"@id\":\"https:\/\/ruppanner-reinigung.ch\/datenschutz\/#breadcrumb\"},\"inLanguage\":\"de\",\"potentialAction\":[{\"@type\":\"ReadAction\",\"target\":[\"https:\/\/ruppanner-reinigung.ch\/datenschutz\/\"]}]},{\"@type\":\"BreadcrumbList\",\"@id\":\"https:\/\/ruppanner-reinigung.ch\/datenschutz\/#breadcrumb\",\"itemListElement\":[{\"@type\":\"ListItem\",\"position\":1,\"name\":\"Start\",\"item\":\"https:\/\/ruppanner-reinigung.ch\/\"},{\"@type\":\"ListItem\",\"position\":2,\"name\":\"Datenschutzbestimmung\"}]},{\"@type\":\"WebSite\",\"@id\":\"https:\/\/ruppanner-reinigung.ch\/#website\",\"url\":\"https:\/\/ruppanner-reinigung.ch\/\",\"name\":\"ruppanner-reinigung.ch\",\"description\":\"\",\"publisher\":{\"@id\":\"https:\/\/ruppanner-reinigung.ch\/#organization\"},\"potentialAction\":[{\"@type\":\"SearchAction\",\"target\":{\"@type\":\"EntryPoint\",\"urlTemplate\":\"https:\/\/ruppanner-reinigung.ch\/?s={search_term_string}\"},\"query-input\":{\"@type\":\"PropertyValueSpecification\",\"valueRequired\":true,\"valueName\":\"search_term_string\"}}],\"inLanguage\":\"de\"},{\"@type\":\"Organization\",\"@id\":\"https:\/\/ruppanner-reinigung.ch\/#organization\",\"name\":\"Ruppanner Reinigung\",\"url\":\"https:\/\/ruppanner-reinigung.ch\/\",\"logo\":{\"@type\":\"ImageObject\",\"inLanguage\":\"de\",\"@id\":\"https:\/\/ruppanner-reinigung.ch\/#\/schema\/logo\/image\/\",\"url\":\"https:\/\/ruppanner-reinigung.ch\/wp-content\/uploads\/2025\/12\/cropped-logo.png\",\"contentUrl\":\"https:\/\/ruppanner-reinigung.ch\/wp-content\/uploads\/2025\/12\/cropped-logo.png\",\"width\":348,\"height\":137,\"caption\":\"Ruppanner Reinigung\"},\"image\":{\"@id\":\"https:\/\/ruppanner-reinigung.ch\/#\/schema\/logo\/image\/\"}}]}<\/script>\n<!-- \/ Yoast SEO plugin. -->","yoast_head_json":{"title":"Datenschutzbestimmung - ruppanner-reinigung.ch","robots":{"index":"index","follow":"follow","max-snippet":"max-snippet:-1","max-image-preview":"max-image-preview:large","max-video-preview":"max-video-preview:-1"},"canonical":"https:\/\/ruppanner-reinigung.ch\/datenschutz\/","og_locale":"de_DE","og_type":"article","og_title":"Datenschutzbestimmung - ruppanner-reinigung.ch","og_description":"Datenschutzbestimmung 1. Verantwortlicher Verantwortlich f\u00fcr die Datenverarbeitung auf dieser Website ist: Ruppanner ReinigungWebsite: https:\/\/ruppanner-reinigung.chstefanruppanner@bluewin.chBachstrasse 319100 Herisau 2. Erhebung und Speicherung personenbezogener Daten sowie Art und Zweck ihrer Verwendung a) Beim Besuch der Website Beim Aufrufen unserer Website werden automatisch Informationen durch den auf Ihrem Endger\u00e4t zum Einsatz kommenden Browser an unseren Server gesendet. Diese Informationen &hellip; Mehr \u00fcber \"Datenschutzbestimmung\" Lesen","og_url":"https:\/\/ruppanner-reinigung.ch\/datenschutz\/","og_site_name":"ruppanner-reinigung.ch","article_modified_time":"2025-09-08T07:49:53+00:00","twitter_card":"summary_large_image","twitter_misc":{"Gesch\u00e4tzte Lesezeit":"3\u00a0Minuten"},"schema":{"@context":"https:\/\/schema.org","@graph":[{"@type":"WebPage","@id":"https:\/\/ruppanner-reinigung.ch\/datenschutz\/","url":"https:\/\/ruppanner-reinigung.ch\/datenschutz\/","name":"Datenschutzbestimmung - ruppanner-reinigung.ch","isPartOf":{"@id":"https:\/\/ruppanner-reinigung.ch\/#website"},"datePublished":"2025-09-08T07:44:41+00:00","dateModified":"2025-09-08T07:49:53+00:00","breadcrumb":{"@id":"https:\/\/ruppanner-reinigung.ch\/datenschutz\/#breadcrumb"},"inLanguage":"de","potentialAction":[{"@type":"ReadAction","target":["https:\/\/ruppanner-reinigung.ch\/datenschutz\/"]}]},{"@type":"BreadcrumbList","@id":"https:\/\/ruppanner-reinigung.ch\/datenschutz\/#breadcrumb","itemListElement":[{"@type":"ListItem","position":1,"name":"Start","item":"https:\/\/ruppanner-reinigung.ch\/"},{"@type":"ListItem","position":2,"name":"Datenschutzbestimmung"}]},{"@type":"WebSite","@id":"https:\/\/ruppanner-reinigung.ch\/#website","url":"https:\/\/ruppanner-reinigung.ch\/","name":"ruppanner-reinigung.ch","description":"","publisher":{"@id":"https:\/\/ruppanner-reinigung.ch\/#organization"},"potentialAction":[{"@type":"SearchAction","target":{"@type":"EntryPoint","urlTemplate":"https:\/\/ruppanner-reinigung.ch\/?s={search_term_string}"},"query-input":{"@type":"PropertyValueSpecification","valueRequired":true,"valueName":"search_term_string"}}],"inLanguage":"de"},{"@type":"Organization","@id":"https:\/\/ruppanner-reinigung.ch\/#organization","name":"Ruppanner Reinigung","url":"https:\/\/ruppanner-reinigung.ch\/","logo":{"@type":"ImageObject","inLanguage":"de","@id":"https:\/\/ruppanner-reinigung.ch\/#\/schema\/logo\/image\/","url":"https:\/\/ruppanner-reinigung.ch\/wp-content\/uploads\/2025\/12\/cropped-logo.png","contentUrl":"https:\/\/ruppanner-reinigung.ch\/wp-content\/uploads\/2025\/12\/cropped-logo.png","width":348,"height":137,"caption":"Ruppanner Reinigung"},"image":{"@id":"https:\/\/ruppanner-reinigung.ch\/#\/schema\/logo\/image\/"}}]}},"_links":{"self":[{"href":"https:\/\/ruppanner-reinigung.ch\/wp-json\/wp\/v2\/pages\/89","targetHints":{"allow":["GET"]}}],"collection":[{"href":"https:\/\/ruppanner-reinigung.ch\/wp-json\/wp\/v2\/pages"}],"about":[{"href":"https:\/\/ruppanner-reinigung.ch\/wp-json\/wp\/v2\/types\/page"}],"author":[{"embeddable":true,"href":"https:\/\/ruppanner-reinigung.ch\/wp-json\/wp\/v2\/users\/1"}],"replies":[{"embeddable":true,"href":"https:\/\/ruppanner-reinigung.ch\/wp-json\/wp\/v2\/comments?post=89"}],"version-history":[{"count":0,"href":"https:\/\/ruppanner-reinigung.ch\/wp-json\/wp\/v2\/pages\/89\/revisions"}],"wp:attachment":[{"href":"https:\/\/ruppanner-reinigung.ch\/wp-json\/wp\/v2\/media?parent=89"}],"curies":[{"name":"wp","href":"https:\/\/api.w.org\/{rel}","templated":true}]}}